{"id":3737,"date":"2026-02-01T21:37:36","date_gmt":"2026-02-01T21:37:36","guid":{"rendered":"https:\/\/djbylk.com\/?post_type=product&#038;p=3737"},"modified":"2026-02-02T00:37:20","modified_gmt":"2026-02-02T00:37:20","slug":"ultimate","status":"publish","type":"product","link":"https:\/\/djbylk.com\/en\/product\/ultimate\/","title":{"rendered":"Ultimate"},"content":{"rendered":"<h3><strong>\ud83c\udfa4 Ultimate \u2013 Pack Complet DJ &#8211; 449\u20ac<\/strong><\/h3>\n<p><strong>Le pack Ultimate<\/strong> est la solution la plus<strong> compl\u00e8te pour les DJs et cr\u00e9ateurs<\/strong> qui veulent une identit\u00e9 sonore forte, professionnelle et sans compromis.<\/p>\n<p>Avec <strong>5 drops personnalis\u00e9s<\/strong>, un choix de<strong> 3 voix professionnelles<\/strong> et tous les formats audio, ce pack vous offre une flexibilit\u00e9 totale pour <strong>vos sets, radios, clubs<\/strong> et <strong>contenus digitaux<\/strong>.<br \/>\nChaque drop est travaill\u00e9 avec des effets sur mesure, adapt\u00e9s \u00e0 votre univers musical et \u00e0 votre style.<\/p>\n<p><strong>3 r\u00e9visions par drop<\/strong> , la livraison express et le support prioritaire garantissent un accompagnement premium et un r\u00e9sultat parfaitement align\u00e9 avec vos attentes.<\/p>\n<p>Le pack ultime pour imposer votre signature sonore et jouer dans la cour des grands.<\/p>","protected":false},"excerpt":{"rendered":"<p>\ud83c\udfa4 Ultimate \u2013 Pack Complet DJ &#8211; 449\u20ac Le pack Ultimate est la solution la plus compl\u00e8te pour les DJs [&hellip;]<\/p>\n","protected":false},"featured_media":3738,"comment_status":"open","ping_status":"closed","template":"","meta":{"site-sidebar-layout":"default","site-content-layout":"","ast-site-content-layout":"default","site-content-style":"default","site-sidebar-style":"default","ast-global-header-display":"","ast-banner-title-visibility":"","ast-main-header-display":"","ast-hfb-above-header-display":"","ast-hfb-below-header-display":"","ast-hfb-mobile-header-display":"","site-post-title":"","ast-breadcrumbs-content":"","ast-featured-img":"","footer-sml-layout":"","ast-disable-related-posts":"","theme-transparent-header-meta":"default","adv-header-id-meta":"","stick-header-meta":"","header-above-stick-meta":"","header-main-stick-meta":"","header-below-stick-meta":"","astra-migrate-meta-layouts":"set","ast-page-background-enabled":"default","ast-page-background-meta":{"desktop":{"background-color":"var(--ast-global-color-5)","background-image":"","background-repeat":"repeat","background-position":"center center","background-size":"auto","background-attachment":"scroll","background-type":"","background-media":"","overlay-type":"","overlay-color":"","overlay-opacity":"","overlay-gradient":""},"tablet":{"background-color":"","background-image":"","background-repeat":"repeat","background-position":"center center","background-size":"auto","background-attachment":"scroll","background-type":"","background-media":"","overlay-type":"","overlay-color":"","overlay-opacity":"","overlay-gradient":""},"mobile":{"background-color":"","background-image":"","background-repeat":"repeat","background-position":"center center","background-size":"auto","background-attachment":"scroll","background-type":"","background-media":"","overlay-type":"","overlay-color":"","overlay-opacity":"","overlay-gradient":""}},"ast-content-background-meta":{"desktop":{"background-color":"var(--ast-global-color-4)","background-image":"","background-repeat":"repeat","background-position":"center center","background-size":"auto","background-attachment":"scroll","background-type":"","background-media":"","overlay-type":"","overlay-color":"","overlay-opacity":"","overlay-gradient":""},"tablet":{"background-color":"var(--ast-global-color-4)","background-image":"","background-repeat":"repeat","background-position":"center center","background-size":"auto","background-attachment":"scroll","background-type":"","background-media":"","overlay-type":"","overlay-color":"","overlay-opacity":"","overlay-gradient":""},"mobile":{"background-color":"var(--ast-global-color-4)","background-image":"","background-repeat":"repeat","background-position":"center center","background-size":"auto","background-attachment":"scroll","background-type":"","background-media":"","overlay-type":"","overlay-color":"","overlay-opacity":"","overlay-gradient":""}}},"product_brand":[],"product_cat":[47],"product_tag":[],"class_list":{"0":"post-3737","1":"product","2":"type-product","3":"status-publish","4":"has-post-thumbnail","6":"product_cat-drop-dj","7":"desktop-align-left","8":"tablet-align-left","9":"mobile-align-left","11":"first","12":"instock","13":"sale","14":"shipping-taxable","15":"purchasable","16":"product-type-simple"},"jetpack_sharing_enabled":true,"_links":{"self":[{"href":"https:\/\/djbylk.com\/en\/wp-json\/wp\/v2\/product\/3737","targetHints":{"allow":["GET"]}}],"collection":[{"href":"https:\/\/djbylk.com\/en\/wp-json\/wp\/v2\/product"}],"about":[{"href":"https:\/\/djbylk.com\/en\/wp-json\/wp\/v2\/types\/product"}],"replies":[{"embeddable":true,"href":"https:\/\/djbylk.com\/en\/wp-json\/wp\/v2\/comments?post=3737"}],"wp:featuredmedia":[{"embeddable":true,"href":"https:\/\/djbylk.com\/en\/wp-json\/wp\/v2\/media\/3738"}],"wp:attachment":[{"href":"https:\/\/djbylk.com\/en\/wp-json\/wp\/v2\/media?parent=3737"}],"wp:term":[{"taxonomy":"product_brand","embeddable":true,"href":"https:\/\/djbylk.com\/en\/wp-json\/wp\/v2\/product_brand?post=3737"},{"taxonomy":"product_cat","embeddable":true,"href":"https:\/\/djbylk.com\/en\/wp-json\/wp\/v2\/product_cat?post=3737"},{"taxonomy":"product_tag","embeddable":true,"href":"https:\/\/djbylk.com\/en\/wp-json\/wp\/v2\/product_tag?post=3737"}],"curies":[{"name":"wp","href":"https:\/\/api.w.org\/{rel}","templated":true}]}}