{"id":3732,"date":"2026-02-01T21:17:16","date_gmt":"2026-02-01T21:17:16","guid":{"rendered":"https:\/\/djbylk.com\/?post_type=product&#038;p=3732"},"modified":"2026-02-02T00:36:48","modified_gmt":"2026-02-02T00:36:48","slug":"essential","status":"publish","type":"product","link":"https:\/\/djbylk.com\/en\/product\/essential\/","title":{"rendered":"ESSENTIAL"},"content":{"rendered":"<h3 data-start=\"108\" data-end=\"147\">\ud83c\udfa4 L\u2019essentiel pour commencer &#8211; 149\u20ac<\/h3>\n<p data-start=\"149\" data-end=\"342\">Id\u00e9al pour lancer votre projet, <strong data-start=\"181\" data-end=\"211\">L\u2019essentiel pour commencer<\/strong> vous permet d\u2019obtenir un <strong data-start=\"237\" data-end=\"261\">drop DJ personnalis\u00e9<\/strong>, propre et efficace, pour renforcer votre identit\u00e9 sonore d\u00e8s vos premiers sets.<\/p>\n<p data-start=\"344\" data-end=\"531\">Votre drop est enregistr\u00e9 avec une <strong data-start=\"379\" data-end=\"403\">voix professionnelle<\/strong>, travaill\u00e9 pour un rendu net et impactant, puis livr\u00e9 en <strong data-start=\"461\" data-end=\"478\">format MP3 HD<\/strong>, pr\u00eat \u00e0 \u00eatre utilis\u00e9 en club, en soir\u00e9e ou en ligne.<\/p>\n<p data-start=\"533\" data-end=\"605\">Une <strong data-start=\"537\" data-end=\"561\">r\u00e9vision est incluse<\/strong> afin d\u2019ajuster le rendu selon vos attentes.<\/p>\n<p data-start=\"607\" data-end=\"640\">\u23f1\ufe0f <strong data-start=\"610\" data-end=\"640\">Livraison rapide sous 48h.<\/strong><\/p>\n<p data-start=\"642\" data-end=\"731\" data-is-last-node=\"\" data-is-only-node=\"\">Une solution simple, rapide et accessible pour donner une vraie signature \u00e0 vos mixes.<\/p>","protected":false},"excerpt":{"rendered":"<p>\ud83c\udfa4 L\u2019essentiel pour commencer &#8211; 149\u20ac Id\u00e9al pour lancer votre projet, L\u2019essentiel pour commencer vous permet d\u2019obtenir un drop DJ [&hellip;]<\/p>\n","protected":false},"featured_media":3736,"comment_status":"open","ping_status":"closed","template":"","meta":{"site-sidebar-layout":"default","site-content-layout":"","ast-site-content-layout":"default","site-content-style":"default","site-sidebar-style":"default","ast-global-header-display":"","ast-banner-title-visibility":"","ast-main-header-display":"","ast-hfb-above-header-display":"","ast-hfb-below-header-display":"","ast-hfb-mobile-header-display":"","site-post-title":"","ast-breadcrumbs-content":"","ast-featured-img":"","footer-sml-layout":"","ast-disable-related-posts":"","theme-transparent-header-meta":"default","adv-header-id-meta":"","stick-header-meta":"","header-above-stick-meta":"","header-main-stick-meta":"","header-below-stick-meta":"","astra-migrate-meta-layouts":"set","ast-page-background-enabled":"default","ast-page-background-meta":{"desktop":{"background-color":"var(--ast-global-color-5)","background-image":"","background-repeat":"repeat","background-position":"center center","background-size":"auto","background-attachment":"scroll","background-type":"","background-media":"","overlay-type":"","overlay-color":"","overlay-opacity":"","overlay-gradient":""},"tablet":{"background-color":"","background-image":"","background-repeat":"repeat","background-position":"center center","background-size":"auto","background-attachment":"scroll","background-type":"","background-media":"","overlay-type":"","overlay-color":"","overlay-opacity":"","overlay-gradient":""},"mobile":{"background-color":"","background-image":"","background-repeat":"repeat","background-position":"center center","background-size":"auto","background-attachment":"scroll","background-type":"","background-media":"","overlay-type":"","overlay-color":"","overlay-opacity":"","overlay-gradient":""}},"ast-content-background-meta":{"desktop":{"background-color":"var(--ast-global-color-4)","background-image":"","background-repeat":"repeat","background-position":"center center","background-size":"auto","background-attachment":"scroll","background-type":"","background-media":"","overlay-type":"","overlay-color":"","overlay-opacity":"","overlay-gradient":""},"tablet":{"background-color":"var(--ast-global-color-4)","background-image":"","background-repeat":"repeat","background-position":"center center","background-size":"auto","background-attachment":"scroll","background-type":"","background-media":"","overlay-type":"","overlay-color":"","overlay-opacity":"","overlay-gradient":""},"mobile":{"background-color":"var(--ast-global-color-4)","background-image":"","background-repeat":"repeat","background-position":"center center","background-size":"auto","background-attachment":"scroll","background-type":"","background-media":"","overlay-type":"","overlay-color":"","overlay-opacity":"","overlay-gradient":""}}},"product_brand":[],"product_cat":[47],"product_tag":[],"class_list":{"0":"post-3732","1":"product","2":"type-product","3":"status-publish","4":"has-post-thumbnail","6":"product_cat-drop-dj","7":"desktop-align-left","8":"tablet-align-left","9":"mobile-align-left","11":"first","12":"instock","13":"sale","14":"shipping-taxable","15":"purchasable","16":"product-type-simple"},"jetpack_sharing_enabled":true,"_links":{"self":[{"href":"https:\/\/djbylk.com\/en\/wp-json\/wp\/v2\/product\/3732","targetHints":{"allow":["GET"]}}],"collection":[{"href":"https:\/\/djbylk.com\/en\/wp-json\/wp\/v2\/product"}],"about":[{"href":"https:\/\/djbylk.com\/en\/wp-json\/wp\/v2\/types\/product"}],"replies":[{"embeddable":true,"href":"https:\/\/djbylk.com\/en\/wp-json\/wp\/v2\/comments?post=3732"}],"wp:featuredmedia":[{"embeddable":true,"href":"https:\/\/djbylk.com\/en\/wp-json\/wp\/v2\/media\/3736"}],"wp:attachment":[{"href":"https:\/\/djbylk.com\/en\/wp-json\/wp\/v2\/media?parent=3732"}],"wp:term":[{"taxonomy":"product_brand","embeddable":true,"href":"https:\/\/djbylk.com\/en\/wp-json\/wp\/v2\/product_brand?post=3732"},{"taxonomy":"product_cat","embeddable":true,"href":"https:\/\/djbylk.com\/en\/wp-json\/wp\/v2\/product_cat?post=3732"},{"taxonomy":"product_tag","embeddable":true,"href":"https:\/\/djbylk.com\/en\/wp-json\/wp\/v2\/product_tag?post=3732"}],"curies":[{"name":"wp","href":"https:\/\/api.w.org\/{rel}","templated":true}]}}