{"id":3412,"date":"2026-01-29T18:32:35","date_gmt":"2026-01-29T18:32:35","guid":{"rendered":"https:\/\/djbylk.com\/?post_type=product&#038;p=3412"},"modified":"2026-02-02T01:00:18","modified_gmt":"2026-02-02T01:00:18","slug":"dj-avance","status":"publish","type":"product","link":"https:\/\/djbylk.com\/en\/product\/dj-avance\/","title":{"rendered":"ADVANCED DJ \u2022 1 HOUR"},"content":{"rendered":"<h3 data-start=\"106\" data-end=\"134\">\ud83c\udfa7 DJ Avanc\u00e9 \u2022 10 heures<\/h3>\n<p data-start=\"136\" data-end=\"272\">Perfectionnez votre pratique du DJing en approfondissant les <strong data-start=\"197\" data-end=\"220\">techniques avanc\u00e9es<\/strong> et en d\u00e9veloppant une <strong data-start=\"243\" data-end=\"271\">identit\u00e9 musicale unique<\/strong>.<\/p>\n<p data-start=\"274\" data-end=\"450\">Cette formation de <strong data-start=\"293\" data-end=\"306\">12 heures<\/strong> est destin\u00e9e aux DJs souhaitant aller plus loin dans leur performance, affiner leur technique et ma\u00eetriser l\u2019impact de leurs sets sur la piste.<\/p>\n<hr data-start=\"452\" data-end=\"455\" \/>\n<h3 data-start=\"457\" data-end=\"488\">\ud83c\udf9a\ufe0f Contenu de la formation<\/h3>\n<ul data-start=\"490\" data-end=\"708\">\n<li data-start=\"490\" data-end=\"534\">\n<p data-start=\"492\" data-end=\"534\">Techniques de scratch (bases \u00e0 avanc\u00e9es)<\/p>\n<\/li>\n<li data-start=\"535\" data-end=\"570\">\n<p data-start=\"537\" data-end=\"570\">Utilisation cr\u00e9ative des effets<\/p>\n<\/li>\n<li data-start=\"571\" data-end=\"615\">\n<p data-start=\"573\" data-end=\"615\">Construction et personnalisation de sets<\/p>\n<\/li>\n<li data-start=\"616\" data-end=\"660\">\n<p data-start=\"618\" data-end=\"660\">Gestion de la piste et lecture du public<\/p>\n<\/li>\n<li data-start=\"661\" data-end=\"708\">\n<p data-start=\"663\" data-end=\"708\">Encha\u00eenements avanc\u00e9s et coh\u00e9rence musicale<\/p>\n<\/li>\n<\/ul>\n<hr data-start=\"710\" data-end=\"713\" \/>\n<h3 data-start=\"715\" data-end=\"731\">\ud83c\udfaf Objectifs<\/h3>\n<p data-start=\"733\" data-end=\"783\">\u00c0 l\u2019issue de la formation, vous serez capable de :<\/p>\n<ul data-start=\"784\" data-end=\"952\">\n<li data-start=\"784\" data-end=\"823\">\n<p data-start=\"786\" data-end=\"823\">Ma\u00eetriser les techniques de scratch<\/p>\n<\/li>\n<li data-start=\"824\" data-end=\"867\">\n<p data-start=\"826\" data-end=\"867\">Utiliser les effets de mani\u00e8re cr\u00e9ative<\/p>\n<\/li>\n<li data-start=\"868\" data-end=\"907\">\n<p data-start=\"870\" data-end=\"907\">Cr\u00e9er des sets uniques et coh\u00e9rents<\/p>\n<\/li>\n<li data-start=\"908\" data-end=\"952\">\n<p data-start=\"910\" data-end=\"952\">G\u00e9rer efficacement l\u2019\u00e9nergie de la piste<\/p>\n<\/li>\n<\/ul>","protected":false},"excerpt":{"rendered":"<h3 data-start=\"72\" data-end=\"100\">\ud83c\udfa7 DJ Avanc\u00e9 \u2022 12 heures<\/h3>\n<p data-start=\"102\" data-end=\"291\">Perfectionnez vos techniques avec le scratch, les effets avanc\u00e9s et la cr\u00e9ation de sets uniques.<br data-start=\"198\" data-end=\"201\" \/>D\u00e9veloppez votre identit\u00e9 musicale et apprenez \u00e0 g\u00e9rer efficacement l\u2019\u00e9nergie de la piste.<\/p>\n<ul class=\"space-y-2 mb-6\">\n<li class=\"flex items-center gap-2 text-sm text-muted-foreground\">Introduction au mat\u00e9riel DJ<\/li>\n<li class=\"flex items-center gap-2 text-sm text-muted-foreground\">Beatmatching &amp; synchronisation<\/li>\n<li class=\"flex items-center gap-2 text-sm text-muted-foreground\">Techniques de transition<\/li>\n<li class=\"flex items-center gap-2 text-sm text-muted-foreground\">Gestion des BPM<\/li>\n<\/ul>","protected":false},"featured_media":3413,"comment_status":"open","ping_status":"closed","template":"","meta":{"site-sidebar-layout":"default","site-content-layout":"","ast-site-content-layout":"default","site-content-style":"default","site-sidebar-style":"default","ast-global-header-display":"","ast-banner-title-visibility":"","ast-main-header-display":"","ast-hfb-above-header-display":"","ast-hfb-below-header-display":"","ast-hfb-mobile-header-display":"","site-post-title":"","ast-breadcrumbs-content":"","ast-featured-img":"","footer-sml-layout":"","ast-disable-related-posts":"","theme-transparent-header-meta":"default","adv-header-id-meta":"","stick-header-meta":"","header-above-stick-meta":"","header-main-stick-meta":"","header-below-stick-meta":"","astra-migrate-meta-layouts":"set","ast-page-background-enabled":"default","ast-page-background-meta":{"desktop":{"background-color":"var(--ast-global-color-5)","background-image":"","background-repeat":"repeat","background-position":"center center","background-size":"auto","background-attachment":"scroll","background-type":"","background-media":"","overlay-type":"","overlay-color":"","overlay-opacity":"","overlay-gradient":""},"tablet":{"background-color":"","background-image":"","background-repeat":"repeat","background-position":"center center","background-size":"auto","background-attachment":"scroll","background-type":"","background-media":"","overlay-type":"","overlay-color":"","overlay-opacity":"","overlay-gradient":""},"mobile":{"background-color":"","background-image":"","background-repeat":"repeat","background-position":"center center","background-size":"auto","background-attachment":"scroll","background-type":"","background-media":"","overlay-type":"","overlay-color":"","overlay-opacity":"","overlay-gradient":""}},"ast-content-background-meta":{"desktop":{"background-color":"var(--ast-global-color-4)","background-image":"","background-repeat":"repeat","background-position":"center center","background-size":"auto","background-attachment":"scroll","background-type":"","background-media":"","overlay-type":"","overlay-color":"","overlay-opacity":"","overlay-gradient":""},"tablet":{"background-color":"var(--ast-global-color-4)","background-image":"","background-repeat":"repeat","background-position":"center center","background-size":"auto","background-attachment":"scroll","background-type":"","background-media":"","overlay-type":"","overlay-color":"","overlay-opacity":"","overlay-gradient":""},"mobile":{"background-color":"var(--ast-global-color-4)","background-image":"","background-repeat":"repeat","background-position":"center center","background-size":"auto","background-attachment":"scroll","background-type":"","background-media":"","overlay-type":"","overlay-color":"","overlay-opacity":"","overlay-gradient":""}}},"product_brand":[],"product_cat":[39],"product_tag":[],"class_list":{"0":"post-3412","1":"product","2":"type-product","3":"status-publish","4":"has-post-thumbnail","6":"product_cat-forfaits","7":"desktop-align-left","8":"tablet-align-left","9":"mobile-align-left","11":"first","12":"instock","13":"sale","14":"shipping-taxable","15":"purchasable","16":"product-type-simple"},"jetpack_sharing_enabled":true,"_links":{"self":[{"href":"https:\/\/djbylk.com\/en\/wp-json\/wp\/v2\/product\/3412","targetHints":{"allow":["GET"]}}],"collection":[{"href":"https:\/\/djbylk.com\/en\/wp-json\/wp\/v2\/product"}],"about":[{"href":"https:\/\/djbylk.com\/en\/wp-json\/wp\/v2\/types\/product"}],"replies":[{"embeddable":true,"href":"https:\/\/djbylk.com\/en\/wp-json\/wp\/v2\/comments?post=3412"}],"wp:featuredmedia":[{"embeddable":true,"href":"https:\/\/djbylk.com\/en\/wp-json\/wp\/v2\/media\/3413"}],"wp:attachment":[{"href":"https:\/\/djbylk.com\/en\/wp-json\/wp\/v2\/media?parent=3412"}],"wp:term":[{"taxonomy":"product_brand","embeddable":true,"href":"https:\/\/djbylk.com\/en\/wp-json\/wp\/v2\/product_brand?post=3412"},{"taxonomy":"product_cat","embeddable":true,"href":"https:\/\/djbylk.com\/en\/wp-json\/wp\/v2\/product_cat?post=3412"},{"taxonomy":"product_tag","embeddable":true,"href":"https:\/\/djbylk.com\/en\/wp-json\/wp\/v2\/product_tag?post=3412"}],"curies":[{"name":"wp","href":"https:\/\/api.w.org\/{rel}","templated":true}]}}