{"id":3410,"date":"2026-01-29T18:20:02","date_gmt":"2026-01-29T18:20:02","guid":{"rendered":"https:\/\/djbylk.com\/?post_type=product&#038;p=3410"},"modified":"2026-02-02T01:01:07","modified_gmt":"2026-02-02T01:01:07","slug":"dj-debutant","status":"publish","type":"product","link":"https:\/\/djbylk.com\/en\/product\/dj-debutant\/","title":{"rendered":"DJ FOR BEGINNERS \u2022 1 HOUR"},"content":{"rendered":"<div class=\"flex items-center gap-3 mb-3\">\n<h2 data-start=\"133\" data-end=\"161\">\ud83c\udfa7 DJ D\u00e9butant \u2022 1 heures<\/h2>\n<p data-start=\"163\" data-end=\"350\">Cette formation <strong data-start=\"179\" data-end=\"194\">DJ D\u00e9butant<\/strong> est con\u00e7ue pour toute personne souhaitant <strong data-start=\"237\" data-end=\"283\">apprendre les bases fondamentales du DJing<\/strong> et acqu\u00e9rir des comp\u00e9tences solides pour mixer en toute confiance.<\/p>\n<p data-start=\"352\" data-end=\"587\">Au cours de ces <strong data-start=\"368\" data-end=\"393\">8 heures de formation<\/strong>, vous d\u00e9couvrirez le fonctionnement du mat\u00e9riel DJ, apprendrez \u00e0 structurer vos sets et ma\u00eetriserez les techniques essentielles pour encha\u00eener les morceaux de mani\u00e8re fluide et professionnelle.<\/p>\n<p data-start=\"589\" data-end=\"717\">La p\u00e9dagogie est orient\u00e9e <strong data-start=\"615\" data-end=\"627\">pratique<\/strong>, avec une prise en main progressive et des exercices concrets adapt\u00e9s au niveau d\u00e9butant.<\/p>\n<hr data-start=\"719\" data-end=\"722\" \/>\n<h3 data-start=\"724\" data-end=\"755\">\ud83c\udf9a\ufe0f Contenu de la formation<\/h3>\n<ul data-start=\"757\" data-end=\"1062\">\n<li data-start=\"757\" data-end=\"827\">\n<p data-start=\"759\" data-end=\"827\">Introduction au mat\u00e9riel DJ (platines, contr\u00f4leurs, table de mixage)<\/p>\n<\/li>\n<li data-start=\"828\" data-end=\"872\">\n<p data-start=\"830\" data-end=\"872\">Compr\u00e9hension de la structure des morceaux<\/p>\n<\/li>\n<li data-start=\"873\" data-end=\"917\">\n<p data-start=\"875\" data-end=\"917\">Beatmatching et synchronisation des titres<\/p>\n<\/li>\n<li data-start=\"918\" data-end=\"965\">\n<p data-start=\"920\" data-end=\"965\">Techniques de transition propres et efficaces<\/p>\n<\/li>\n<li data-start=\"966\" data-end=\"1005\">\n<p data-start=\"968\" data-end=\"1005\">Gestion des BPM et coh\u00e9rence musicale<\/p>\n<\/li>\n<li data-start=\"1006\" data-end=\"1062\">\n<p data-start=\"1008\" data-end=\"1062\">Premiers encha\u00eenements et construction de sets simples<\/p>\n<\/li>\n<\/ul>\n<hr data-start=\"1064\" data-end=\"1067\" \/>\n<h3 data-start=\"1069\" data-end=\"1085\">\ud83c\udfaf Objectifs<\/h3>\n<p data-start=\"1087\" data-end=\"1137\">\u00c0 l\u2019issue de la formation, vous serez capable de :<\/p>\n<ul data-start=\"1138\" data-end=\"1289\">\n<li data-start=\"1138\" data-end=\"1177\">\n<p data-start=\"1140\" data-end=\"1177\">Comprendre et utiliser le mat\u00e9riel DJ<\/p>\n<\/li>\n<li data-start=\"1178\" data-end=\"1218\">\n<p data-start=\"1180\" data-end=\"1218\">Encha\u00eener des morceaux de fa\u00e7on fluide<\/p>\n<\/li>\n<li data-start=\"1219\" data-end=\"1253\">\n<p data-start=\"1221\" data-end=\"1253\">Cr\u00e9er des transitions coh\u00e9rentes<\/p>\n<\/li>\n<li data-start=\"1254\" data-end=\"1289\">\n<p data-start=\"1256\" data-end=\"1289\">Mixer en autonomie avec assurance<\/p>\n<\/li>\n<\/ul>\n<\/div>","protected":false},"excerpt":{"rendered":"<h2 data-start=\"133\" data-end=\"161\">\ud83c\udfa7 DJ D\u00e9butant \u2022 8 heures<\/h2>\n<p data-start=\"163\" data-end=\"350\">Cette formation <strong data-start=\"179\" data-end=\"194\">DJ D\u00e9butant<\/strong> est con\u00e7ue pour toute personne souhaitant <strong data-start=\"237\" data-end=\"283\">apprendre les bases fondamentales du DJing<\/strong> et acqu\u00e9rir des comp\u00e9tences solides pour mixer en toute confiance.<\/p>\n<p data-start=\"352\" data-end=\"587\">Au cours de ces <strong data-start=\"368\" data-end=\"393\">8 heures de formation<\/strong>, vous d\u00e9couvrirez le fonctionnement du mat\u00e9riel DJ, apprendrez \u00e0 structurer vos sets et ma\u00eetriserez les techniques essentielles pour encha\u00eener les morceaux de mani\u00e8re fluide et professionnelle.<\/p>\n<ul class=\"space-y-2 mb-6\">\n<li class=\"flex items-center gap-2 text-sm text-muted-foreground\">Introduction au mat\u00e9riel DJ<\/li>\n<li class=\"flex items-center gap-2 text-sm text-muted-foreground\">Beatmatching &amp; synchronisation<\/li>\n<li class=\"flex items-center gap-2 text-sm text-muted-foreground\">Techniques de transition<\/li>\n<li class=\"flex items-center gap-2 text-sm text-muted-foreground\">Gestion des BPM<\/li>\n<\/ul>\n<p data-start=\"589\" data-end=\"717\">La p\u00e9dagogie est orient\u00e9e <strong data-start=\"615\" data-end=\"627\">pratique<\/strong>, avec une prise en main progressive et des exercices concrets adapt\u00e9s au niveau d\u00e9butant.<\/p>\n<hr data-start=\"719\" data-end=\"722\" \/>\n<h3 data-start=\"724\" data-end=\"755\">\ud83c\udf9a\ufe0f Contenu de la formation<\/h3>\n<ul data-start=\"757\" data-end=\"1062\">\n<li data-start=\"757\" data-end=\"827\">\n<p data-start=\"759\" data-end=\"827\">Introduction au mat\u00e9riel DJ (platines, contr\u00f4leurs, table de mixage)<\/p>\n<\/li>\n<li data-start=\"828\" data-end=\"872\">\n<p data-start=\"830\" data-end=\"872\">Compr\u00e9hension de la structure des morceaux<\/p>\n<\/li>\n<li data-start=\"873\" data-end=\"917\">\n<p data-start=\"875\" data-end=\"917\">Beatmatching et synchronisation des titres<\/p>\n<\/li>\n<li data-start=\"918\" data-end=\"965\">\n<p data-start=\"920\" data-end=\"965\">Techniques de transition propres et efficaces<\/p>\n<\/li>\n<li data-start=\"966\" data-end=\"1005\">\n<p data-start=\"968\" data-end=\"1005\">Gestion des BPM et coh\u00e9rence musicale<\/p>\n<\/li>\n<li data-start=\"1006\" data-end=\"1062\">\n<p data-start=\"1008\" data-end=\"1062\">Premiers encha\u00eenements et construction de sets simples<\/p>\n<\/li>\n<\/ul>\n<hr data-start=\"1064\" data-end=\"1067\" \/>\n<h3 data-start=\"1069\" data-end=\"1085\">\ud83c\udfaf Objectifs<\/h3>\n<p data-start=\"1087\" data-end=\"1137\">\u00c0 l\u2019issue de la formation, vous serez capable de :<\/p>\n<ul data-start=\"1138\" data-end=\"1289\">\n<li data-start=\"1138\" data-end=\"1177\">\n<p data-start=\"1140\" data-end=\"1177\">Comprendre et utiliser le mat\u00e9riel DJ<\/p>\n<\/li>\n<li data-start=\"1178\" data-end=\"1218\">\n<p data-start=\"1180\" data-end=\"1218\">Encha\u00eener des morceaux de fa\u00e7on fluide<\/p>\n<\/li>\n<li data-start=\"1219\" data-end=\"1253\">\n<p data-start=\"1221\" data-end=\"1253\">Cr\u00e9er des transitions coh\u00e9rentes<\/p>\n<\/li>\n<li data-start=\"1254\" data-end=\"1289\">\n<p data-start=\"1256\" data-end=\"1289\">Mixer en autonomie avec assurance<\/p>\n<\/li>\n<\/ul>","protected":false},"featured_media":3415,"comment_status":"open","ping_status":"closed","template":"","meta":{"site-sidebar-layout":"default","site-content-layout":"","ast-site-content-layout":"default","site-content-style":"default","site-sidebar-style":"default","ast-global-header-display":"","ast-banner-title-visibility":"","ast-main-header-display":"","ast-hfb-above-header-display":"","ast-hfb-below-header-display":"","ast-hfb-mobile-header-display":"","site-post-title":"","ast-breadcrumbs-content":"","ast-featured-img":"","footer-sml-layout":"","ast-disable-related-posts":"","theme-transparent-header-meta":"default","adv-header-id-meta":"","stick-header-meta":"","header-above-stick-meta":"","header-main-stick-meta":"","header-below-stick-meta":"","astra-migrate-meta-layouts":"set","ast-page-background-enabled":"default","ast-page-background-meta":{"desktop":{"background-color":"var(--ast-global-color-5)","background-image":"","background-repeat":"repeat","background-position":"center center","background-size":"auto","background-attachment":"scroll","background-type":"","background-media":"","overlay-type":"","overlay-color":"","overlay-opacity":"","overlay-gradient":""},"tablet":{"background-color":"","background-image":"","background-repeat":"repeat","background-position":"center center","background-size":"auto","background-attachment":"scroll","background-type":"","background-media":"","overlay-type":"","overlay-color":"","overlay-opacity":"","overlay-gradient":""},"mobile":{"background-color":"","background-image":"","background-repeat":"repeat","background-position":"center center","background-size":"auto","background-attachment":"scroll","background-type":"","background-media":"","overlay-type":"","overlay-color":"","overlay-opacity":"","overlay-gradient":""}},"ast-content-background-meta":{"desktop":{"background-color":"var(--ast-global-color-4)","background-image":"","background-repeat":"repeat","background-position":"center center","background-size":"auto","background-attachment":"scroll","background-type":"","background-media":"","overlay-type":"","overlay-color":"","overlay-opacity":"","overlay-gradient":""},"tablet":{"background-color":"var(--ast-global-color-4)","background-image":"","background-repeat":"repeat","background-position":"center center","background-size":"auto","background-attachment":"scroll","background-type":"","background-media":"","overlay-type":"","overlay-color":"","overlay-opacity":"","overlay-gradient":""},"mobile":{"background-color":"var(--ast-global-color-4)","background-image":"","background-repeat":"repeat","background-position":"center center","background-size":"auto","background-attachment":"scroll","background-type":"","background-media":"","overlay-type":"","overlay-color":"","overlay-opacity":"","overlay-gradient":""}}},"product_brand":[],"product_cat":[34],"product_tag":[],"class_list":{"0":"post-3410","1":"product","2":"type-product","3":"status-publish","4":"has-post-thumbnail","6":"product_cat-a-la-carte","7":"desktop-align-left","8":"tablet-align-left","9":"mobile-align-left","11":"first","12":"instock","13":"shipping-taxable","14":"purchasable","15":"product-type-simple"},"jetpack_sharing_enabled":true,"_links":{"self":[{"href":"https:\/\/djbylk.com\/en\/wp-json\/wp\/v2\/product\/3410","targetHints":{"allow":["GET"]}}],"collection":[{"href":"https:\/\/djbylk.com\/en\/wp-json\/wp\/v2\/product"}],"about":[{"href":"https:\/\/djbylk.com\/en\/wp-json\/wp\/v2\/types\/product"}],"replies":[{"embeddable":true,"href":"https:\/\/djbylk.com\/en\/wp-json\/wp\/v2\/comments?post=3410"}],"wp:featuredmedia":[{"embeddable":true,"href":"https:\/\/djbylk.com\/en\/wp-json\/wp\/v2\/media\/3415"}],"wp:attachment":[{"href":"https:\/\/djbylk.com\/en\/wp-json\/wp\/v2\/media?parent=3410"}],"wp:term":[{"taxonomy":"product_brand","embeddable":true,"href":"https:\/\/djbylk.com\/en\/wp-json\/wp\/v2\/product_brand?post=3410"},{"taxonomy":"product_cat","embeddable":true,"href":"https:\/\/djbylk.com\/en\/wp-json\/wp\/v2\/product_cat?post=3410"},{"taxonomy":"product_tag","embeddable":true,"href":"https:\/\/djbylk.com\/en\/wp-json\/wp\/v2\/product_tag?post=3410"}],"curies":[{"name":"wp","href":"https:\/\/api.w.org\/{rel}","templated":true}]}}