{"id":1026,"date":"2025-12-29T21:39:31","date_gmt":"2025-12-29T21:39:31","guid":{"rendered":"https:\/\/djbylk.com\/?post_type=product&#038;p=1026"},"modified":"2026-02-02T01:32:05","modified_gmt":"2026-02-02T01:32:05","slug":"cours-de-dj-1h-en-ligne","status":"publish","type":"product","link":"https:\/\/djbylk.com\/en\/product\/cours-de-dj-1h-en-ligne\/","title":{"rendered":"DJ D\u00c9BUTANT &#8211; 10 HEURES"},"content":{"rendered":"<div class=\"flex flex-col text-sm pb-25\">\n<article class=\"text-token-text-primary w-full focus:outline-none [--shadow-height:45px] has-data-writing-block:pointer-events-none has-data-writing-block:-mt-(--shadow-height) has-data-writing-block:pt-(--shadow-height) [&amp;:has([data-writing-block])&gt;*]:pointer-events-auto scroll-mt-[calc(var(--header-height)+min(200px,max(70px,20svh)))]\" dir=\"auto\" tabindex=\"-1\" data-turn-id=\"request-WEB:2dbc7161-e7f9-434e-945b-1a2243f90fdb-30\" data-testid=\"conversation-turn-8\" data-scroll-anchor=\"true\" data-turn=\"assistant\">\n<div class=\"text-base my-auto mx-auto pb-10 [--thread-content-margin:--spacing(4)] @w-sm\/main:[--thread-content-margin:--spacing(6)] @w-lg\/main:[--thread-content-margin:--spacing(16)] px-(--thread-content-margin)\">\n<div class=\"[--thread-content-max-width:40rem] @w-lg\/main:[--thread-content-max-width:48rem] mx-auto max-w-(--thread-content-max-width) flex-1 group\/turn-messages focus-visible:outline-hidden relative flex w-full min-w-0 flex-col agent-turn\" tabindex=\"-1\">\n<div class=\"flex max-w-full flex-col grow\">\n<div class=\"min-h-8 text-message relative flex w-full flex-col items-end gap-2 text-start break-words whitespace-normal [.text-message+&amp;]:mt-1\" dir=\"auto\" data-message-author-role=\"assistant\" data-message-id=\"623874fa-d4ae-49ac-82d9-dbe52a245c0a\" data-message-model-slug=\"gpt-5-2\">\n<div class=\"flex w-full flex-col gap-1 empty:hidden first:pt-[1px]\">\n<div class=\"markdown prose dark:prose-invert w-full break-words light markdown-new-styling\">\n<h2 data-start=\"34\" data-end=\"77\">\ud83c\udfa7 Cours de DJ \u2013 Du d\u00e9butant<\/h2>\n<p data-start=\"79\" data-end=\"278\">Tu veux apprendre \u00e0 mixer ou passer un vrai cap dans ta technique ?<br \/>\n<br data-start=\"146\" data-end=\"149\" \/>DJ BYLK \u00ab\u00a0K\u00a0\u00bb te propose des <strong data-start=\"172\" data-end=\"201\">cours de DJ personnalis\u00e9s<\/strong>, en ligne ou <strong data-start=\"215\" data-end=\"240\">en pr\u00e9sentiel \u00e0 Duba\u00ef<\/strong>, adapt\u00e9s \u00e0 ton niveau et \u00e0 ton style.<\/p>\n<h3 data-start=\"280\" data-end=\"293\">\ud83d\udd52 Format<\/h3>\n<ul data-start=\"295\" data-end=\"407\">\n<li data-start=\"295\" data-end=\"339\">\n<p data-start=\"297\" data-end=\"339\"><strong data-start=\"297\" data-end=\"337\">Pack de 10 sessions \u2013 1h par session<\/strong><\/p>\n<\/li>\n<li data-start=\"340\" data-end=\"377\">\n<p data-start=\"342\" data-end=\"377\">En ligne ou en pr\u00e9sentiel \u00e0 Duba\u00ef<\/p>\n<\/li>\n<li data-start=\"378\" data-end=\"407\">\n<p data-start=\"380\" data-end=\"407\">Coaching 100 % personnalis\u00e9<\/p>\n<\/li>\n<\/ul>\n<h3 data-start=\"409\" data-end=\"433\">\ud83c\udfb6 Tu apprendras \u00e0 :<\/h3>\n<ul data-start=\"435\" data-end=\"642\">\n<li data-start=\"435\" data-end=\"477\">\n<p data-start=\"437\" data-end=\"477\">Comprendre et utiliser ton mat\u00e9riel DJ<\/p>\n<\/li>\n<li data-start=\"478\" data-end=\"515\">\n<p data-start=\"480\" data-end=\"515\">Caler tes morceaux<\/p>\n<\/li>\n<li data-start=\"516\" data-end=\"571\">\n<p data-start=\"518\" data-end=\"571\">R\u00e9ussir des transitions propres et professionnelles<\/p>\n<\/li>\n<li data-start=\"572\" data-end=\"605\">\n<p data-start=\"574\" data-end=\"605\">Construire des sets efficaces<\/p>\n<\/li>\n<li data-start=\"606\" data-end=\"642\">\n<p data-start=\"608\" data-end=\"642\">G\u00e9rer l\u2019\u00e9nergie et lire ton public<\/p>\n<\/li>\n<\/ul>\n<p data-start=\"644\" data-end=\"800\" data-is-last-node=\"\" data-is-only-node=\"\">Que tu partes de z\u00e9ro ou que tu sois d\u00e9j\u00e0 exp\u00e9riment\u00e9, ces cours sont pens\u00e9s pour te faire progresser rapidement et te rapprocher d\u2019un niveau professionnel.<\/p>\n<\/div>\n<\/div>\n<\/div>\n<\/div>\n<\/div>\n<\/div>\n<\/article>\n<\/div>\n","protected":false},"excerpt":{"rendered":"<p>\ud83c\udfa7 Cours de DJ \u2013 Du d\u00e9butant Tu veux apprendre \u00e0 mixer ou passer un vrai cap dans ta technique [&hellip;]<\/p>\n","protected":false},"featured_media":3911,"comment_status":"open","ping_status":"closed","template":"","meta":{"site-sidebar-layout":"default","site-content-layout":"","ast-site-content-layout":"default","site-content-style":"default","site-sidebar-style":"default","ast-global-header-display":"","ast-banner-title-visibility":"","ast-main-header-display":"","ast-hfb-above-header-display":"","ast-hfb-below-header-display":"","ast-hfb-mobile-header-display":"","site-post-title":"","ast-breadcrumbs-content":"","ast-featured-img":"","footer-sml-layout":"","ast-disable-related-posts":"","theme-transparent-header-meta":"default","adv-header-id-meta":"","stick-header-meta":"","header-above-stick-meta":"","header-main-stick-meta":"","header-below-stick-meta":"","astra-migrate-meta-layouts":"set","ast-page-background-enabled":"default","ast-page-background-meta":{"desktop":{"background-color":"var(--ast-global-color-5)","background-image":"","background-repeat":"repeat","background-position":"center center","background-size":"auto","background-attachment":"scroll","background-type":"","background-media":"","overlay-type":"","overlay-color":"","overlay-opacity":"","overlay-gradient":""},"tablet":{"background-color":"","background-image":"","background-repeat":"repeat","background-position":"center center","background-size":"auto","background-attachment":"scroll","background-type":"","background-media":"","overlay-type":"","overlay-color":"","overlay-opacity":"","overlay-gradient":""},"mobile":{"background-color":"","background-image":"","background-repeat":"repeat","background-position":"center center","background-size":"auto","background-attachment":"scroll","background-type":"","background-media":"","overlay-type":"","overlay-color":"","overlay-opacity":"","overlay-gradient":""}},"ast-content-background-meta":{"desktop":{"background-color":"var(--ast-global-color-4)","background-image":"","background-repeat":"repeat","background-position":"center center","background-size":"auto","background-attachment":"scroll","background-type":"","background-media":"","overlay-type":"","overlay-color":"","overlay-opacity":"","overlay-gradient":""},"tablet":{"background-color":"var(--ast-global-color-4)","background-image":"","background-repeat":"repeat","background-position":"center center","background-size":"auto","background-attachment":"scroll","background-type":"","background-media":"","overlay-type":"","overlay-color":"","overlay-opacity":"","overlay-gradient":""},"mobile":{"background-color":"var(--ast-global-color-4)","background-image":"","background-repeat":"repeat","background-position":"center center","background-size":"auto","background-attachment":"scroll","background-type":"","background-media":"","overlay-type":"","overlay-color":"","overlay-opacity":"","overlay-gradient":""}}},"product_brand":[],"product_cat":[39],"product_tag":[],"class_list":{"0":"post-1026","1":"product","2":"type-product","3":"status-publish","4":"has-post-thumbnail","6":"product_cat-forfaits","7":"desktop-align-left","8":"tablet-align-left","9":"mobile-align-left","11":"first","12":"instock","13":"sale","14":"virtual","15":"purchasable","16":"product-type-simple"},"jetpack_sharing_enabled":true,"_links":{"self":[{"href":"https:\/\/djbylk.com\/en\/wp-json\/wp\/v2\/product\/1026","targetHints":{"allow":["GET"]}}],"collection":[{"href":"https:\/\/djbylk.com\/en\/wp-json\/wp\/v2\/product"}],"about":[{"href":"https:\/\/djbylk.com\/en\/wp-json\/wp\/v2\/types\/product"}],"replies":[{"embeddable":true,"href":"https:\/\/djbylk.com\/en\/wp-json\/wp\/v2\/comments?post=1026"}],"wp:featuredmedia":[{"embeddable":true,"href":"https:\/\/djbylk.com\/en\/wp-json\/wp\/v2\/media\/3911"}],"wp:attachment":[{"href":"https:\/\/djbylk.com\/en\/wp-json\/wp\/v2\/media?parent=1026"}],"wp:term":[{"taxonomy":"product_brand","embeddable":true,"href":"https:\/\/djbylk.com\/en\/wp-json\/wp\/v2\/product_brand?post=1026"},{"taxonomy":"product_cat","embeddable":true,"href":"https:\/\/djbylk.com\/en\/wp-json\/wp\/v2\/product_cat?post=1026"},{"taxonomy":"product_tag","embeddable":true,"href":"https:\/\/djbylk.com\/en\/wp-json\/wp\/v2\/product_tag?post=1026"}],"curies":[{"name":"wp","href":"https:\/\/api.w.org\/{rel}","templated":true}]}}