{"id":1000,"date":"2025-12-29T16:08:47","date_gmt":"2025-12-29T16:08:47","guid":{"rendered":"https:\/\/djbylk.com\/?post_type=product&#038;p=1000"},"modified":"2026-02-02T01:18:20","modified_gmt":"2026-02-02T01:18:20","slug":"cours-mao","status":"publish","type":"product","link":"https:\/\/djbylk.com\/en\/product\/cours-mao\/","title":{"rendered":"Music Production Course Package \u2013 10 Personalized Coaching Sessions (1 hour \/ session)"},"content":{"rendered":"<h2 data-start=\"118\" data-end=\"196\">\ud83d\udcbb Pack Cours de MAO \u2013 10 Sessions de Coaching Personnalis\u00e9 (1h \/ session)<\/h2>\n<p data-start=\"198\" data-end=\"519\">Tu veux cr\u00e9er tes propres morceaux, produire des beats, enregistrer des voix ou structurer tes projets musicaux comme un pro ?<br data-start=\"324\" data-end=\"327\" \/>DJ Bylk te propose un <strong data-start=\"349\" data-end=\"387\">pack de cours de MAO personnalis\u00e9s<\/strong>, accessibles en ligne ou en pr\u00e9sentiel \u00e0 Duba\u00ef, adapt\u00e9s \u00e0 ton niveau et \u00e0 ton univers musical<\/p>\n<h3 data-start=\"521\" data-end=\"534\">\ud83d\udd52 Format<\/h3>\n<ul data-start=\"536\" data-end=\"659\">\n<li data-start=\"536\" data-end=\"580\">\n<p data-start=\"538\" data-end=\"580\"><strong data-start=\"538\" data-end=\"578\">Pack de 10 sessions \u2013 1h par session<\/strong><\/p>\n<\/li>\n<li data-start=\"581\" data-end=\"618\">\n<p data-start=\"583\" data-end=\"618\">En ligne ou en pr\u00e9sentiel \u00e0 Duba\u00ef<\/p>\n<\/li>\n<li data-start=\"619\" data-end=\"659\">\n<p data-start=\"621\" data-end=\"659\">Coaching individuel 100 % personnalis\u00e9<\/p>\n<\/li>\n<\/ul>\n<h3 data-start=\"661\" data-end=\"686\">\ud83c\udf9b Logiciels utilis\u00e9s<\/h3>\n<ul data-start=\"688\" data-end=\"787\">\n<li data-start=\"688\" data-end=\"705\">\n<p data-start=\"690\" data-end=\"705\">Serato Studio<\/p>\n<\/li>\n<li data-start=\"706\" data-end=\"723\">\n<p data-start=\"708\" data-end=\"723\">Serato DJ Pro<\/p>\n<\/li>\n<li data-start=\"724\" data-end=\"737\">\n<p data-start=\"726\" data-end=\"737\">Logic Pro<\/p>\n<\/li>\n<li data-start=\"738\" data-end=\"787\">\n<p data-start=\"740\" data-end=\"787\">Pro Tools<\/p>\n<\/li>\n<\/ul>\n<h3 data-start=\"789\" data-end=\"813\">\ud83c\udfbc Tu apprendras \u00e0 :<\/h3>\n<ul data-start=\"815\" data-end=\"1180\">\n<li data-start=\"815\" data-end=\"863\">\n<p data-start=\"817\" data-end=\"863\">Prendre en main les interfaces de production<\/p>\n<\/li>\n<li data-start=\"864\" data-end=\"899\">\n<p data-start=\"866\" data-end=\"899\">Cr\u00e9er des beats et des m\u00e9lodies<\/p>\n<\/li>\n<li data-start=\"900\" data-end=\"957\">\n<p data-start=\"902\" data-end=\"957\">Utiliser efficacement samples et instruments virtuels<\/p>\n<\/li>\n<li data-start=\"958\" data-end=\"993\">\n<p data-start=\"960\" data-end=\"993\">Enregistrer voix et instruments<\/p>\n<\/li>\n<li data-start=\"994\" data-end=\"1033\">\n<p data-start=\"996\" data-end=\"1033\">Structurer et arranger tes morceaux<\/p>\n<\/li>\n<li data-start=\"1034\" data-end=\"1091\">\n<p data-start=\"1036\" data-end=\"1091\">Appliquer les bases du mixage et du traitement du son<\/p>\n<\/li>\n<li data-start=\"1092\" data-end=\"1180\">\n<p data-start=\"1094\" data-end=\"1180\">Exporter des productions pr\u00eates \u00e0 \u00eatre diffus\u00e9es<\/p>\n<\/li>\n<\/ul>\n<p data-start=\"1182\" data-end=\"1351\" data-is-last-node=\"\" data-is-only-node=\"\">Que tu d\u00e9butes ou que tu veuilles perfectionner ta production, ce pack est con\u00e7u pour te faire progresser rapidement avec un accompagnement concret et orient\u00e9 r\u00e9sultats.<\/p>","protected":false},"excerpt":{"rendered":"<p>\ud83d\udcbb Pack Cours de MAO \u2013 10 Sessions de Coaching Personnalis\u00e9 (1h \/ session) Tu veux cr\u00e9er tes propres morceaux, [&hellip;]<\/p>\n","protected":false},"featured_media":3441,"comment_status":"open","ping_status":"closed","template":"","meta":{"site-sidebar-layout":"default","site-content-layout":"","ast-site-content-layout":"default","site-content-style":"default","site-sidebar-style":"default","ast-global-header-display":"","ast-banner-title-visibility":"","ast-main-header-display":"","ast-hfb-above-header-display":"","ast-hfb-below-header-display":"","ast-hfb-mobile-header-display":"","site-post-title":"","ast-breadcrumbs-content":"","ast-featured-img":"","footer-sml-layout":"","ast-disable-related-posts":"","theme-transparent-header-meta":"default","adv-header-id-meta":"","stick-header-meta":"","header-above-stick-meta":"","header-main-stick-meta":"","header-below-stick-meta":"","astra-migrate-meta-layouts":"set","ast-page-background-enabled":"default","ast-page-background-meta":{"desktop":{"background-color":"var(--ast-global-color-5)","background-image":"","background-repeat":"repeat","background-position":"center center","background-size":"auto","background-attachment":"scroll","background-type":"","background-media":"","overlay-type":"","overlay-color":"","overlay-opacity":"","overlay-gradient":""},"tablet":{"background-color":"","background-image":"","background-repeat":"repeat","background-position":"center center","background-size":"auto","background-attachment":"scroll","background-type":"","background-media":"","overlay-type":"","overlay-color":"","overlay-opacity":"","overlay-gradient":""},"mobile":{"background-color":"","background-image":"","background-repeat":"repeat","background-position":"center center","background-size":"auto","background-attachment":"scroll","background-type":"","background-media":"","overlay-type":"","overlay-color":"","overlay-opacity":"","overlay-gradient":""}},"ast-content-background-meta":{"desktop":{"background-color":"var(--ast-global-color-4)","background-image":"","background-repeat":"repeat","background-position":"center center","background-size":"auto","background-attachment":"scroll","background-type":"","background-media":"","overlay-type":"","overlay-color":"","overlay-opacity":"","overlay-gradient":""},"tablet":{"background-color":"var(--ast-global-color-4)","background-image":"","background-repeat":"repeat","background-position":"center center","background-size":"auto","background-attachment":"scroll","background-type":"","background-media":"","overlay-type":"","overlay-color":"","overlay-opacity":"","overlay-gradient":""},"mobile":{"background-color":"var(--ast-global-color-4)","background-image":"","background-repeat":"repeat","background-position":"center center","background-size":"auto","background-attachment":"scroll","background-type":"","background-media":"","overlay-type":"","overlay-color":"","overlay-opacity":"","overlay-gradient":""}}},"product_brand":[],"product_cat":[39],"product_tag":[],"class_list":{"0":"post-1000","1":"product","2":"type-product","3":"status-publish","4":"has-post-thumbnail","6":"product_cat-forfaits","7":"desktop-align-left","8":"tablet-align-left","9":"mobile-align-left","11":"first","12":"instock","13":"sale","14":"virtual","15":"purchasable","16":"product-type-simple"},"jetpack_sharing_enabled":true,"_links":{"self":[{"href":"https:\/\/djbylk.com\/en\/wp-json\/wp\/v2\/product\/1000","targetHints":{"allow":["GET"]}}],"collection":[{"href":"https:\/\/djbylk.com\/en\/wp-json\/wp\/v2\/product"}],"about":[{"href":"https:\/\/djbylk.com\/en\/wp-json\/wp\/v2\/types\/product"}],"replies":[{"embeddable":true,"href":"https:\/\/djbylk.com\/en\/wp-json\/wp\/v2\/comments?post=1000"}],"wp:featuredmedia":[{"embeddable":true,"href":"https:\/\/djbylk.com\/en\/wp-json\/wp\/v2\/media\/3441"}],"wp:attachment":[{"href":"https:\/\/djbylk.com\/en\/wp-json\/wp\/v2\/media?parent=1000"}],"wp:term":[{"taxonomy":"product_brand","embeddable":true,"href":"https:\/\/djbylk.com\/en\/wp-json\/wp\/v2\/product_brand?post=1000"},{"taxonomy":"product_cat","embeddable":true,"href":"https:\/\/djbylk.com\/en\/wp-json\/wp\/v2\/product_cat?post=1000"},{"taxonomy":"product_tag","embeddable":true,"href":"https:\/\/djbylk.com\/en\/wp-json\/wp\/v2\/product_tag?post=1000"}],"curies":[{"name":"wp","href":"https:\/\/api.w.org\/{rel}","templated":true}]}}